{"id":165,"date":"2025-01-07T11:01:24","date_gmt":"2025-01-07T10:01:24","guid":{"rendered":"https:\/\/eclipse.sophieserra.fr\/?page_id=165"},"modified":"2025-01-08T17:43:39","modified_gmt":"2025-01-08T16:43:39","slug":"a-propos","status":"publish","type":"page","link":"https:\/\/eclipse.sophieserra.fr\/index.php\/a-propos\/","title":{"rendered":"\u00e0 propos"},"content":{"rendered":"\t\t<div data-elementor-type=\"wp-page\" data-elementor-id=\"165\" class=\"elementor elementor-165\">\n\t\t\t\t\t\t<section class=\"elementor-section elementor-top-section elementor-element elementor-element-9b65224 elementor-section-height-min-height elementor-section-items-bottom elementor-section-boxed elementor-section-height-default\" data-id=\"9b65224\" data-element_type=\"section\" data-settings=\"{&quot;background_background&quot;:&quot;classic&quot;}\">\n\t\t\t\t\t\t\t<div class=\"elementor-background-overlay\"><\/div>\n\t\t\t\t\t\t\t<div class=\"elementor-container elementor-column-gap-default\">\n\t\t\t\t\t<div class=\"elementor-column elementor-col-100 elementor-top-column elementor-element elementor-element-3fde52af\" data-id=\"3fde52af\" data-element_type=\"column\">\n\t\t\t<div class=\"elementor-widget-wrap elementor-element-populated\">\n\t\t\t\t\t\t<div class=\"elementor-element elementor-element-61cdc2b elementor-widget elementor-widget-text-editor\" data-id=\"61cdc2b\" data-element_type=\"widget\" data-widget_type=\"text-editor.default\">\n\t\t\t\t<div class=\"elementor-widget-container\">\n\t\t\t\t\t\t\t\t\t<p>Bienvenue chez<\/p>\t\t\t\t\t\t\t\t<\/div>\n\t\t\t\t<\/div>\n\t\t\t\t<div class=\"elementor-element elementor-element-48c8d027 elementor-widget elementor-widget-heading\" data-id=\"48c8d027\" data-element_type=\"widget\" data-widget_type=\"heading.default\">\n\t\t\t\t<div class=\"elementor-widget-container\">\n\t\t\t\t\t<h2 class=\"elementor-heading-title elementor-size-default\">\u00e9clipse<\/h2>\t\t\t\t<\/div>\n\t\t\t\t<\/div>\n\t\t\t\t\t<\/div>\n\t\t<\/div>\n\t\t\t\t\t<\/div>\n\t\t<\/section>\n\t\t\t\t<section class=\"elementor-section elementor-top-section elementor-element elementor-element-318ed071 elementor-section-boxed elementor-section-height-default elementor-section-height-default\" data-id=\"318ed071\" data-element_type=\"section\" data-settings=\"{&quot;background_background&quot;:&quot;classic&quot;}\">\n\t\t\t\t\t\t<div class=\"elementor-container elementor-column-gap-default\">\n\t\t\t\t\t<div class=\"elementor-column elementor-col-100 elementor-top-column elementor-element elementor-element-6464cfef\" data-id=\"6464cfef\" data-element_type=\"column\">\n\t\t\t<div class=\"elementor-widget-wrap elementor-element-populated\">\n\t\t\t\t\t\t<div class=\"elementor-element elementor-element-32936528 elementor-widget elementor-widget-image\" data-id=\"32936528\" data-element_type=\"widget\" data-widget_type=\"image.default\">\n\t\t\t\t<div class=\"elementor-widget-container\">\n\t\t\t\t\t\t\t\t\t\t\t\t\t\t\t<img fetchpriority=\"high\" decoding=\"async\" width=\"332\" height=\"833\" src=\"https:\/\/eclipse.sophieserra.fr\/wp-content\/uploads\/2025\/01\/Separator-white.png\" class=\"attachment-full size-full wp-image-38\" alt=\"\" srcset=\"https:\/\/eclipse.sophieserra.fr\/wp-content\/uploads\/2025\/01\/Separator-white.png 332w, https:\/\/eclipse.sophieserra.fr\/wp-content\/uploads\/2025\/01\/Separator-white-120x300.png 120w\" sizes=\"(max-width: 332px) 100vw, 332px\" \/>\t\t\t\t\t\t\t\t\t\t\t\t\t\t\t<\/div>\n\t\t\t\t<\/div>\n\t\t\t\t<div class=\"elementor-element elementor-element-2e8c8401 elementor-widget elementor-widget-text-editor\" data-id=\"2e8c8401\" data-element_type=\"widget\" data-widget_type=\"text-editor.default\">\n\t\t\t\t<div class=\"elementor-widget-container\">\n\t\t\t\t\t\t\t\t\t<p>Depuis 10 ans, \u00e9clipse est votre fleuriste de quartier, d\u00e9di\u00e9 \u00e0 apporter une touche de nature et de beaut\u00e9 \u00e0 votre quotidien. Situ\u00e9s en plein c\u0153ur de Toulon, nous mettons tout notre savoir-faire et notre cr\u00e9ativit\u00e9 \u00e0 votre service pour vous offrir des compositions florales uniques et des fleurs d\u2019une qualit\u00e9 exceptionnelle<\/p>\t\t\t\t\t\t\t\t<\/div>\n\t\t\t\t<\/div>\n\t\t\t\t\t<\/div>\n\t\t<\/div>\n\t\t\t\t\t<\/div>\n\t\t<\/section>\n\t\t\t\t<section class=\"elementor-section elementor-top-section elementor-element elementor-element-7083acfc elementor-section-boxed elementor-section-height-default elementor-section-height-default\" data-id=\"7083acfc\" data-element_type=\"section\" data-settings=\"{&quot;background_background&quot;:&quot;classic&quot;,&quot;shape_divider_top&quot;:&quot;curve&quot;,&quot;shape_divider_top_negative&quot;:&quot;yes&quot;}\">\n\t\t\t\t\t<div class=\"elementor-shape elementor-shape-top\" data-negative=\"true\">\n\t\t\t<svg xmlns=\"http:\/\/www.w3.org\/2000\/svg\" viewBox=\"0 0 1000 100\" preserveAspectRatio=\"none\">\n\t<path class=\"elementor-shape-fill\" d=\"M500,97C126.7,96.3,0.8,19.8,0,0v100l1000,0V1C1000,19.4,873.3,97.8,500,97z\"\/>\n<\/svg>\t\t<\/div>\n\t\t\t\t\t<div class=\"elementor-container elementor-column-gap-default\">\n\t\t\t\t\t<div class=\"elementor-column elementor-col-33 elementor-top-column elementor-element elementor-element-4dceb7ea\" data-id=\"4dceb7ea\" data-element_type=\"column\">\n\t\t\t<div class=\"elementor-widget-wrap\">\n\t\t\t\t\t\t\t<\/div>\n\t\t<\/div>\n\t\t\t\t<div class=\"elementor-column elementor-col-33 elementor-top-column elementor-element elementor-element-6900046b\" data-id=\"6900046b\" data-element_type=\"column\">\n\t\t\t<div class=\"elementor-widget-wrap elementor-element-populated\">\n\t\t\t\t\t\t<div class=\"elementor-element elementor-element-afef30e elementor-widget elementor-widget-image\" data-id=\"afef30e\" data-element_type=\"widget\" data-widget_type=\"image.default\">\n\t\t\t\t<div class=\"elementor-widget-container\">\n\t\t\t\t\t\t\t\t\t\t\t\t\t\t\t<img decoding=\"async\" width=\"800\" height=\"800\" src=\"https:\/\/eclipse.sophieserra.fr\/wp-content\/uploads\/2025\/01\/annie-spratt-01Wa3tPoQQ8-unsplash.jpg\" class=\"attachment-large size-large wp-image-242\" alt=\"\" srcset=\"https:\/\/eclipse.sophieserra.fr\/wp-content\/uploads\/2025\/01\/annie-spratt-01Wa3tPoQQ8-unsplash.jpg 800w, https:\/\/eclipse.sophieserra.fr\/wp-content\/uploads\/2025\/01\/annie-spratt-01Wa3tPoQQ8-unsplash-300x300.jpg 300w, https:\/\/eclipse.sophieserra.fr\/wp-content\/uploads\/2025\/01\/annie-spratt-01Wa3tPoQQ8-unsplash-150x150.jpg 150w, https:\/\/eclipse.sophieserra.fr\/wp-content\/uploads\/2025\/01\/annie-spratt-01Wa3tPoQQ8-unsplash-768x768.jpg 768w, https:\/\/eclipse.sophieserra.fr\/wp-content\/uploads\/2025\/01\/annie-spratt-01Wa3tPoQQ8-unsplash-600x600.jpg 600w, https:\/\/eclipse.sophieserra.fr\/wp-content\/uploads\/2025\/01\/annie-spratt-01Wa3tPoQQ8-unsplash-100x100.jpg 100w\" sizes=\"(max-width: 800px) 100vw, 800px\" \/>\t\t\t\t\t\t\t\t\t\t\t\t\t\t\t<\/div>\n\t\t\t\t<\/div>\n\t\t\t\t\t<\/div>\n\t\t<\/div>\n\t\t\t\t<div class=\"elementor-column elementor-col-33 elementor-top-column elementor-element elementor-element-6caba91f\" data-id=\"6caba91f\" data-element_type=\"column\">\n\t\t\t<div class=\"elementor-widget-wrap elementor-element-populated\">\n\t\t\t\t\t\t<div class=\"elementor-element elementor-element-f63a036 animated-slow elementor-hidden-tablet elementor-hidden-mobile elementor-invisible elementor-widget elementor-widget-text-path\" data-id=\"f63a036\" data-element_type=\"widget\" data-settings=\"{&quot;text&quot;:&quot;Nos valeurs * Nos valeurs * Nos valeurs * &quot;,&quot;align&quot;:&quot;left&quot;,&quot;_animation&quot;:&quot;fadeIn&quot;,&quot;_animation_delay&quot;:50,&quot;align_mobile&quot;:&quot;center&quot;,&quot;link&quot;:{&quot;url&quot;:&quot;&quot;,&quot;is_external&quot;:&quot;&quot;,&quot;nofollow&quot;:&quot;&quot;,&quot;custom_attributes&quot;:&quot;&quot;},&quot;start_point&quot;:{&quot;unit&quot;:&quot;%&quot;,&quot;size&quot;:0,&quot;sizes&quot;:[]}}\" data-widget_type=\"text-path.default\">\n\t\t\t\t<div class=\"elementor-widget-container\">\n\t\t\t\t\t\t\t<div class=\"e-text-path\" data-text=\"Nos valeurs * Nos valeurs * Nos valeurs * \" data-url=\"\/\/eclipse.sophieserra.fr\/wp-content\/plugins\/elementor\/assets\/svg-paths\/circle.svg\" data-link-url=\"\"><\/div>\n\t\t\t\t\t\t<\/div>\n\t\t\t\t<\/div>\n\t\t\t\t\t<\/div>\n\t\t<\/div>\n\t\t\t\t\t<\/div>\n\t\t<\/section>\n\t\t\t\t<section class=\"elementor-section elementor-top-section elementor-element elementor-element-486ff810 elementor-section-boxed elementor-section-height-default elementor-section-height-default\" data-id=\"486ff810\" data-element_type=\"section\" data-settings=\"{&quot;background_background&quot;:&quot;classic&quot;}\">\n\t\t\t\t\t\t<div class=\"elementor-container elementor-column-gap-default\">\n\t\t\t\t\t<div class=\"elementor-column elementor-col-100 elementor-top-column elementor-element elementor-element-1e931141\" data-id=\"1e931141\" data-element_type=\"column\">\n\t\t\t<div class=\"elementor-widget-wrap elementor-element-populated\">\n\t\t\t\t\t\t<div class=\"elementor-element elementor-element-69cc344f animated-slow elementor-invisible elementor-widget elementor-widget-heading\" data-id=\"69cc344f\" data-element_type=\"widget\" data-settings=\"{&quot;_animation&quot;:&quot;fadeIn&quot;,&quot;_animation_delay&quot;:50}\" data-widget_type=\"heading.default\">\n\t\t\t\t<div class=\"elementor-widget-container\">\n\t\t\t\t\t<h2 class=\"elementor-heading-title elementor-size-default\">Notre histoire<\/h2>\t\t\t\t<\/div>\n\t\t\t\t<\/div>\n\t\t\t\t<div class=\"elementor-element elementor-element-5e8c644 elementor-widget elementor-widget-text-editor\" data-id=\"5e8c644\" data-element_type=\"widget\" data-widget_type=\"text-editor.default\">\n\t\t\t\t<div class=\"elementor-widget-container\">\n\t\t\t\t\t\t\t\t\t<p>Tout a commenc\u00e9 avec une passion : celle des fleurs et de leur pouvoir \u00e0 transmettre des \u00e9motions. H\u00e9l\u00e9na a cr\u00e9\u00e9 \u00e9clipse avec une mission simple : offrir des cr\u00e9ations florales qui racontent des histoires et c\u00e9l\u00e8brent chaque instant de la vie.<\/p>\t\t\t\t\t\t\t\t<\/div>\n\t\t\t\t<\/div>\n\t\t\t\t<div class=\"elementor-element elementor-element-cb84bc4 animated-slow elementor-invisible elementor-widget elementor-widget-heading\" data-id=\"cb84bc4\" data-element_type=\"widget\" data-settings=\"{&quot;_animation&quot;:&quot;fadeIn&quot;,&quot;_animation_delay&quot;:50}\" data-widget_type=\"heading.default\">\n\t\t\t\t<div class=\"elementor-widget-container\">\n\t\t\t\t\t<h2 class=\"elementor-heading-title elementor-size-default\">Nos valeurs<\/h2>\t\t\t\t<\/div>\n\t\t\t\t<\/div>\n\t\t\t\t<div class=\"elementor-element elementor-element-775dbdf elementor-widget elementor-widget-text-editor\" data-id=\"775dbdf\" data-element_type=\"widget\" data-widget_type=\"text-editor.default\">\n\t\t\t\t<div class=\"elementor-widget-container\">\n\t\t\t\t\t\t\t\t\t<p>\ud83c\udf38 <em>Qualit\u00e9 : Nous s\u00e9lectionnons les meilleures fleurs pour garantir fra\u00eecheur et durabilit\u00e9.<\/em><\/p><p>\ud83c\udf3f <em>Proximit\u00e9 : Nous sommes fiers d\u2019\u00eatre une boutique locale, \u00e0 l\u2019\u00e9coute de nos clients.<\/em><\/p><p>\ud83c\udf0d <em>Durabilit\u00e9 : Nous privil\u00e9gions les producteurs locaux et les pratiques respectueuses de l\u2019environnement.<\/em><\/p>\t\t\t\t\t\t\t\t<\/div>\n\t\t\t\t<\/div>\n\t\t\t\t\t<\/div>\n\t\t<\/div>\n\t\t\t\t\t<\/div>\n\t\t<\/section>\n\t\t\t\t<section class=\"elementor-section elementor-top-section elementor-element elementor-element-1ba58328 elementor-section-boxed elementor-section-height-default elementor-section-height-default\" data-id=\"1ba58328\" data-element_type=\"section\" data-settings=\"{&quot;background_background&quot;:&quot;classic&quot;,&quot;shape_divider_top&quot;:&quot;curve&quot;}\">\n\t\t\t\t\t<div class=\"elementor-shape elementor-shape-top\" data-negative=\"false\">\n\t\t\t<svg xmlns=\"http:\/\/www.w3.org\/2000\/svg\" viewBox=\"0 0 1000 100\" preserveAspectRatio=\"none\">\n    <path class=\"elementor-shape-fill\" d=\"M1000,4.3V0H0v4.3C0.9,23.1,126.7,99.2,500,100S1000,22.7,1000,4.3z\"\/>\n<\/svg>\t\t<\/div>\n\t\t\t\t\t<div class=\"elementor-container elementor-column-gap-default\">\n\t\t\t\t\t<div class=\"elementor-column elementor-col-50 elementor-top-column elementor-element elementor-element-ae0f595\" data-id=\"ae0f595\" data-element_type=\"column\">\n\t\t\t<div class=\"elementor-widget-wrap elementor-element-populated\">\n\t\t\t\t\t\t<div class=\"elementor-element elementor-element-37cda584 elementor-widget elementor-widget-image\" data-id=\"37cda584\" data-element_type=\"widget\" data-widget_type=\"image.default\">\n\t\t\t\t<div class=\"elementor-widget-container\">\n\t\t\t\t\t\t\t\t\t\t\t\t\t\t\t<img decoding=\"async\" width=\"1243\" height=\"1868\" src=\"https:\/\/eclipse.sophieserra.fr\/wp-content\/uploads\/2025\/01\/About-bottom.jpg\" class=\"attachment-full size-full wp-image-39\" alt=\"\" srcset=\"https:\/\/eclipse.sophieserra.fr\/wp-content\/uploads\/2025\/01\/About-bottom.jpg 1243w, https:\/\/eclipse.sophieserra.fr\/wp-content\/uploads\/2025\/01\/About-bottom-600x902.jpg 600w, https:\/\/eclipse.sophieserra.fr\/wp-content\/uploads\/2025\/01\/About-bottom-200x300.jpg 200w, https:\/\/eclipse.sophieserra.fr\/wp-content\/uploads\/2025\/01\/About-bottom-681x1024.jpg 681w, https:\/\/eclipse.sophieserra.fr\/wp-content\/uploads\/2025\/01\/About-bottom-768x1154.jpg 768w, https:\/\/eclipse.sophieserra.fr\/wp-content\/uploads\/2025\/01\/About-bottom-1022x1536.jpg 1022w\" sizes=\"(max-width: 1243px) 100vw, 1243px\" \/>\t\t\t\t\t\t\t\t\t\t\t\t\t\t\t<\/div>\n\t\t\t\t<\/div>\n\t\t\t\t\t<\/div>\n\t\t<\/div>\n\t\t\t\t<div class=\"elementor-column elementor-col-50 elementor-top-column elementor-element elementor-element-4c713b91\" data-id=\"4c713b91\" data-element_type=\"column\" data-settings=\"{&quot;background_background&quot;:&quot;classic&quot;}\">\n\t\t\t<div class=\"elementor-widget-wrap elementor-element-populated\">\n\t\t\t\t\t\t<div class=\"elementor-element elementor-element-7223580c animated-slow elementor-invisible elementor-widget elementor-widget-heading\" data-id=\"7223580c\" data-element_type=\"widget\" data-settings=\"{&quot;_animation&quot;:&quot;fadeIn&quot;,&quot;_animation_delay&quot;:40}\" data-widget_type=\"heading.default\">\n\t\t\t\t<div class=\"elementor-widget-container\">\n\t\t\t\t\t<h3 class=\"elementor-heading-title elementor-size-default\">Rencontrez<\/h3>\t\t\t\t<\/div>\n\t\t\t\t<\/div>\n\t\t\t\t<div class=\"elementor-element elementor-element-7c1d2fc2 animated-slow elementor-invisible elementor-widget elementor-widget-heading\" data-id=\"7c1d2fc2\" data-element_type=\"widget\" data-settings=\"{&quot;_animation&quot;:&quot;fadeIn&quot;,&quot;_animation_delay&quot;:80}\" data-widget_type=\"heading.default\">\n\t\t\t\t<div class=\"elementor-widget-container\">\n\t\t\t\t\t<h3 class=\"elementor-heading-title elementor-size-default\">L'\u00e9quipe<\/h3>\t\t\t\t<\/div>\n\t\t\t\t<\/div>\n\t\t\t\t<div class=\"elementor-element elementor-element-32183498 elementor-widget elementor-widget-text-editor\" data-id=\"32183498\" data-element_type=\"widget\" data-widget_type=\"text-editor.default\">\n\t\t\t\t<div class=\"elementor-widget-container\">\n\t\t\t\t\t\t\t\t\t<p>H\u00e9l\u00e9na est une passionn\u00e9e de fleurs et de design floral. Avec 10 ann\u00e9es d\u2019exp\u00e9rience, elle met tout son c\u0153ur \u00e0 cr\u00e9er des compositions qui capturent vos \u00e9motions et vos envies. Chaque bouquet est une \u0153uvre unique, con\u00e7ue avec soin et cr\u00e9ativit\u00e9<\/p>\t\t\t\t\t\t\t\t<\/div>\n\t\t\t\t<\/div>\n\t\t\t\t<div class=\"elementor-element elementor-element-e2dd005 content-align-cta-default elementor-widget elementor-widget-eael-cta-box\" data-id=\"e2dd005\" data-element_type=\"widget\" data-widget_type=\"eael-cta-box.default\">\n\t\t\t\t<div class=\"elementor-widget-container\">\n\t\t\t\t\t\t\t<div class=\"eael-call-to-action cta-basic bg-lite cta-preset-1\">\n        <h2 class=\"title\">Passez nous voir !<\/h2><p>Nous serions ravis de vous accueillir dans notre boutique pour vous conseiller et cr\u00e9er avec vous des compositions qui vous ressemblent.<\/p><a href=\"#\" class=\"cta-button  \">Nous contacter<\/a>\t<\/div>\n\t\t\t\t\t\t\t\t<\/div>\n\t\t\t\t<\/div>\n\t\t\t\t\t<\/div>\n\t\t<\/div>\n\t\t\t\t\t<\/div>\n\t\t<\/section>\n\t\t\t\t<\/div>\n\t\t","protected":false},"excerpt":{"rendered":"<p>Bienvenue chez \u00e9clipse Depuis 10 ans, \u00e9clipse est votre fleuriste de quartier, d\u00e9di\u00e9 \u00e0 apporter une touche de nature et de beaut\u00e9 \u00e0 votre quotidien. Situ\u00e9s en plein c\u0153ur de Toulon, nous mettons tout notre savoir-faire et notre cr\u00e9ativit\u00e9 \u00e0 votre service pour vous offrir des compositions florales uniques et des fleurs d\u2019une qualit\u00e9 exceptionnelle [&hellip;]<\/p>\n","protected":false},"author":1,"featured_media":0,"parent":0,"menu_order":0,"comment_status":"closed","ping_status":"closed","template":"","meta":{"footnotes":""},"class_list":["post-165","page","type-page","status-publish","hentry"],"_links":{"self":[{"href":"https:\/\/eclipse.sophieserra.fr\/index.php\/wp-json\/wp\/v2\/pages\/165","targetHints":{"allow":["GET"]}}],"collection":[{"href":"https:\/\/eclipse.sophieserra.fr\/index.php\/wp-json\/wp\/v2\/pages"}],"about":[{"href":"https:\/\/eclipse.sophieserra.fr\/index.php\/wp-json\/wp\/v2\/types\/page"}],"author":[{"embeddable":true,"href":"https:\/\/eclipse.sophieserra.fr\/index.php\/wp-json\/wp\/v2\/users\/1"}],"replies":[{"embeddable":true,"href":"https:\/\/eclipse.sophieserra.fr\/index.php\/wp-json\/wp\/v2\/comments?post=165"}],"version-history":[{"count":13,"href":"https:\/\/eclipse.sophieserra.fr\/index.php\/wp-json\/wp\/v2\/pages\/165\/revisions"}],"predecessor-version":[{"id":323,"href":"https:\/\/eclipse.sophieserra.fr\/index.php\/wp-json\/wp\/v2\/pages\/165\/revisions\/323"}],"wp:attachment":[{"href":"https:\/\/eclipse.sophieserra.fr\/index.php\/wp-json\/wp\/v2\/media?parent=165"}],"curies":[{"name":"wp","href":"https:\/\/api.w.org\/{rel}","templated":true}]}}